{"id":10913,"date":"2024-11-17T01:07:36","date_gmt":"2024-11-17T01:07:36","guid":{"rendered":"https:\/\/design-ceramics.com\/product\/tactile-paving-suppliers-australia\/"},"modified":"2025-02-14T15:17:19","modified_gmt":"2025-02-14T15:17:19","slug":"tactile-paving-suppliers-australia","status":"publish","type":"product","link":"https:\/\/design-ceramics.com\/pt\/tactile-paving-suppliers-australia\/","title":{"rendered":"Morera Tactile Paving Australia (B1002)"},"content":{"rendered":"<p>A pavimenta\u00e7\u00e3o t\u00e1til da Austr\u00e1lia atende ao padr\u00e3o de pavimenta\u00e7\u00e3o t\u00e1til. Esses revestimentos cer\u00e2micos resistentes s\u00e3o feitos de misturas dur\u00e1veis para suportar zonas de tr\u00e1fego intenso de pedestres. Seja para revestir corredores comerciais ou espa\u00e7os p\u00fablicos, sua textura antiderrapante mant\u00e9m os pedestres firmes no ch\u00e3o.<\/p>","protected":false},"excerpt":{"rendered":"<p>A pavimenta\u00e7\u00e3o t\u00e1til da Austr\u00e1lia atende ao padr\u00e3o de pavimenta\u00e7\u00e3o t\u00e1til. Esses revestimentos cer\u00e2micos resistentes s\u00e3o feitos de misturas dur\u00e1veis para suportar zonas de tr\u00e1fego intenso de pedestres. Seja para revestir corredores comerciais ou espa\u00e7os p\u00fablicos, sua textura antiderrapante mant\u00e9m os pedestres firmes no ch\u00e3o.<\/p>","protected":false},"featured_media":11125,"comment_status":"open","ping_status":"closed","template":"","meta":{"_acf_changed":false},"product-sp-name":[],"product_brand":[],"product_cat":[167],"product_tag":[],"class_list":{"0":"post-10913","1":"product","2":"type-product","3":"status-publish","4":"has-post-thumbnail","6":"product_cat-tactile-paving-200x200mm","8":"first","9":"instock","10":"shipping-taxable","11":"product-type-simple"},"acf":[],"_links":{"self":[{"href":"https:\/\/design-ceramics.com\/pt\/wp-json\/wp\/v2\/product\/10913","targetHints":{"allow":["GET"]}}],"collection":[{"href":"https:\/\/design-ceramics.com\/pt\/wp-json\/wp\/v2\/product"}],"about":[{"href":"https:\/\/design-ceramics.com\/pt\/wp-json\/wp\/v2\/types\/product"}],"replies":[{"embeddable":true,"href":"https:\/\/design-ceramics.com\/pt\/wp-json\/wp\/v2\/comments?post=10913"}],"version-history":[{"count":4,"href":"https:\/\/design-ceramics.com\/pt\/wp-json\/wp\/v2\/product\/10913\/revisions"}],"predecessor-version":[{"id":11844,"href":"https:\/\/design-ceramics.com\/pt\/wp-json\/wp\/v2\/product\/10913\/revisions\/11844"}],"wp:featuredmedia":[{"embeddable":true,"href":"https:\/\/design-ceramics.com\/pt\/wp-json\/wp\/v2\/media\/11125"}],"wp:attachment":[{"href":"https:\/\/design-ceramics.com\/pt\/wp-json\/wp\/v2\/media?parent=10913"}],"wp:term":[{"taxonomy":"product-sp-name","embeddable":true,"href":"https:\/\/design-ceramics.com\/pt\/wp-json\/wp\/v2\/product-sp-name?post=10913"},{"taxonomy":"product_brand","embeddable":true,"href":"https:\/\/design-ceramics.com\/pt\/wp-json\/wp\/v2\/product_brand?post=10913"},{"taxonomy":"product_cat","embeddable":true,"href":"https:\/\/design-ceramics.com\/pt\/wp-json\/wp\/v2\/product_cat?post=10913"},{"taxonomy":"product_tag","embeddable":true,"href":"https:\/\/design-ceramics.com\/pt\/wp-json\/wp\/v2\/product_tag?post=10913"}],"curies":[{"name":"wp","href":"https:\/\/api.w.org\/{rel}","templated":true}]}}