{"id":10912,"date":"2024-11-17T01:07:36","date_gmt":"2024-11-17T01:07:36","guid":{"rendered":"https:\/\/design-ceramics.com\/product\/blind-tiles-ceramic\/"},"modified":"2025-02-14T15:17:28","modified_gmt":"2025-02-14T15:17:28","slug":"morera-blind-tiles-ceramic","status":"publish","type":"product","link":"https:\/\/design-ceramics.com\/pt\/morera-blind-tiles-ceramic\/","title":{"rendered":"Telhas cegas de cer\u00e2mica Morera (B1003)"},"content":{"rendered":"<p>Os azulejos de cer\u00e2mica para cegos da Morera oferecem superf\u00edcies t\u00e1teis como sinal de navega\u00e7\u00e3o para os deficientes visuais. Projetados a partir de uma mistura de cer\u00e2mica resiliente, esses ladrilhos garantem a passagem segura em zonas de alto tr\u00e1fego de pedestres, como cal\u00e7adas movimentadas e centros de transporte.<\/p>","protected":false},"excerpt":{"rendered":"<p>Os azulejos de cer\u00e2mica para cegos da Morera oferecem superf\u00edcies t\u00e1teis como sinal de navega\u00e7\u00e3o para os deficientes visuais. Projetados a partir de uma mistura de cer\u00e2mica resiliente, esses ladrilhos garantem a passagem segura em zonas de alto tr\u00e1fego de pedestres, como cal\u00e7adas movimentadas e centros de transporte.<\/p>","protected":false},"featured_media":11127,"comment_status":"open","ping_status":"closed","template":"","meta":{"_acf_changed":false},"product-sp-name":[],"product_brand":[],"product_cat":[167],"product_tag":[],"class_list":{"0":"post-10912","1":"product","2":"type-product","3":"status-publish","4":"has-post-thumbnail","6":"product_cat-tactile-paving-200x200mm","8":"first","9":"instock","10":"shipping-taxable","11":"product-type-simple"},"acf":[],"_links":{"self":[{"href":"https:\/\/design-ceramics.com\/pt\/wp-json\/wp\/v2\/product\/10912","targetHints":{"allow":["GET"]}}],"collection":[{"href":"https:\/\/design-ceramics.com\/pt\/wp-json\/wp\/v2\/product"}],"about":[{"href":"https:\/\/design-ceramics.com\/pt\/wp-json\/wp\/v2\/types\/product"}],"replies":[{"embeddable":true,"href":"https:\/\/design-ceramics.com\/pt\/wp-json\/wp\/v2\/comments?post=10912"}],"version-history":[{"count":4,"href":"https:\/\/design-ceramics.com\/pt\/wp-json\/wp\/v2\/product\/10912\/revisions"}],"predecessor-version":[{"id":11845,"href":"https:\/\/design-ceramics.com\/pt\/wp-json\/wp\/v2\/product\/10912\/revisions\/11845"}],"wp:featuredmedia":[{"embeddable":true,"href":"https:\/\/design-ceramics.com\/pt\/wp-json\/wp\/v2\/media\/11127"}],"wp:attachment":[{"href":"https:\/\/design-ceramics.com\/pt\/wp-json\/wp\/v2\/media?parent=10912"}],"wp:term":[{"taxonomy":"product-sp-name","embeddable":true,"href":"https:\/\/design-ceramics.com\/pt\/wp-json\/wp\/v2\/product-sp-name?post=10912"},{"taxonomy":"product_brand","embeddable":true,"href":"https:\/\/design-ceramics.com\/pt\/wp-json\/wp\/v2\/product_brand?post=10912"},{"taxonomy":"product_cat","embeddable":true,"href":"https:\/\/design-ceramics.com\/pt\/wp-json\/wp\/v2\/product_cat?post=10912"},{"taxonomy":"product_tag","embeddable":true,"href":"https:\/\/design-ceramics.com\/pt\/wp-json\/wp\/v2\/product_tag?post=10912"}],"curies":[{"name":"wp","href":"https:\/\/api.w.org\/{rel}","templated":true}]}}