{"id":10911,"date":"2024-11-17T01:07:35","date_gmt":"2024-11-17T01:07:35","guid":{"rendered":"https:\/\/design-ceramics.com\/product\/tactile-paving-suppliers-in-uae\/"},"modified":"2025-02-14T15:17:50","modified_gmt":"2025-02-14T15:17:50","slug":"morera-tactile-paving-suppliers-in-uae","status":"publish","type":"product","link":"https:\/\/design-ceramics.com\/pt\/morera-tactile-paving-suppliers-in-uae\/","title":{"rendered":"Morera Tactile Paving UAE (B1005)"},"content":{"rendered":"<p>A Morera Ceramic tem como objetivo fornecer pavimenta\u00e7\u00e3o t\u00e1til para todos. Criamos pavimentos t\u00e1teis que ajudam as pessoas com defici\u00eancia visual a se locomoverem com facilidade. Nossos produtos tornam os espa\u00e7os p\u00fablicos mais seguros e acess\u00edveis para todos. Nosso pavimento t\u00e1til de cer\u00e2mica guia os usu\u00e1rios at\u00e9 seus destinos com seguran\u00e7a. Ele \u00e9 feito para durar, suportando condi\u00e7\u00f5es clim\u00e1ticas adversas e muitas pessoas. Isso significa que nossas solu\u00e7\u00f5es funcionam bem em locais movimentados por um longo tempo.<\/p>","protected":false},"excerpt":{"rendered":"<p>A qualidade \u00e9 nossa prioridade m\u00e1xima na Morera Ceramic. Seguimos um rigoroso controle de qualidade para garantir que nossos produtos atendam aos padr\u00f5es internacionais. Nosso foco em qualidade e seguran\u00e7a significa que nossos produtos duram e t\u00eam bom desempenho.<\/p>\n<p>1. anos de experi\u00eancia no setor Mais de 10 anos<br \/>\n2. n\u00famero de centenas de projetos bem-sucedidos nos Emirados \u00c1rabes Unidos<br \/>\n3. certifica\u00e7\u00f5es de garantia de qualidade ISO 9001, ISO 14001 e OHSAS 18001<\/p>","protected":false},"featured_media":11030,"comment_status":"open","ping_status":"closed","template":"","meta":{"_acf_changed":false},"product-sp-name":[],"product_brand":[],"product_cat":[167],"product_tag":[],"class_list":{"0":"post-10911","1":"product","2":"type-product","3":"status-publish","4":"has-post-thumbnail","6":"product_cat-tactile-paving-200x200mm","8":"first","9":"instock","10":"shipping-taxable","11":"product-type-simple"},"acf":[],"_links":{"self":[{"href":"https:\/\/design-ceramics.com\/pt\/wp-json\/wp\/v2\/product\/10911","targetHints":{"allow":["GET"]}}],"collection":[{"href":"https:\/\/design-ceramics.com\/pt\/wp-json\/wp\/v2\/product"}],"about":[{"href":"https:\/\/design-ceramics.com\/pt\/wp-json\/wp\/v2\/types\/product"}],"replies":[{"embeddable":true,"href":"https:\/\/design-ceramics.com\/pt\/wp-json\/wp\/v2\/comments?post=10911"}],"version-history":[{"count":5,"href":"https:\/\/design-ceramics.com\/pt\/wp-json\/wp\/v2\/product\/10911\/revisions"}],"predecessor-version":[{"id":11847,"href":"https:\/\/design-ceramics.com\/pt\/wp-json\/wp\/v2\/product\/10911\/revisions\/11847"}],"wp:featuredmedia":[{"embeddable":true,"href":"https:\/\/design-ceramics.com\/pt\/wp-json\/wp\/v2\/media\/11030"}],"wp:attachment":[{"href":"https:\/\/design-ceramics.com\/pt\/wp-json\/wp\/v2\/media?parent=10911"}],"wp:term":[{"taxonomy":"product-sp-name","embeddable":true,"href":"https:\/\/design-ceramics.com\/pt\/wp-json\/wp\/v2\/product-sp-name?post=10911"},{"taxonomy":"product_brand","embeddable":true,"href":"https:\/\/design-ceramics.com\/pt\/wp-json\/wp\/v2\/product_brand?post=10911"},{"taxonomy":"product_cat","embeddable":true,"href":"https:\/\/design-ceramics.com\/pt\/wp-json\/wp\/v2\/product_cat?post=10911"},{"taxonomy":"product_tag","embeddable":true,"href":"https:\/\/design-ceramics.com\/pt\/wp-json\/wp\/v2\/product_tag?post=10911"}],"curies":[{"name":"wp","href":"https:\/\/api.w.org\/{rel}","templated":true}]}}