{"id":10910,"date":"2024-11-17T01:07:35","date_gmt":"2024-11-17T01:07:35","guid":{"rendered":"https:\/\/design-ceramics.com\/product\/warning-tactile-tiles\/"},"modified":"2025-02-14T15:18:23","modified_gmt":"2025-02-14T15:18:23","slug":"morera-ceramic-warning-tactile-tiles","status":"publish","type":"product","link":"https:\/\/design-ceramics.com\/pt\/morera-ceramic-warning-tactile-tiles\/","title":{"rendered":"Ladrilhos t\u00e1teis Morera Warning (N0001\uff09)"},"content":{"rendered":"<p>Na Morera Ceramics, nos dedicamos a criar solu\u00e7\u00f5es de seguran\u00e7a que melhoram vidas. Nossos\u00a0<strong>ladrilhos t\u00e1teis de advert\u00eancia<\/strong>\u00a0ajudam as pessoas com defici\u00eancia visual a se locomoverem com seguran\u00e7a em p\u00fablico. Eles oferecem uma maneira confi\u00e1vel de navegar, e nossos ladrilhos se encontram <strong>pavimenta\u00e7\u00e3o t\u00e1til<\/strong> Normas IS09001. Eles alertam os usu\u00e1rios sobre perigos como escadas e plataformas. Usamos m\u00e9todos avan\u00e7ados e rigorosos controles de qualidade para garantir que sejam seguros e f\u00e1ceis de usar.<\/p>","protected":false},"excerpt":{"rendered":"<table>\n<tbody>\n<tr>\n<th>Especifica\u00e7\u00e3o t\u00e9cnica<\/th>\n<th>Detalhes dos ladrilhos t\u00e1teis de advert\u00eancia<\/th>\n<\/tr>\n<tr>\n<td>Composi\u00e7\u00e3o do material<\/td>\n<td>Cer\u00e2mica de alta qualidade com elementos t\u00e1teis integrados<\/td>\n<\/tr>\n<tr>\n<td>Dimens\u00f5es da telha<\/td>\n<td>200 mm x 200 mm,300x300mm<\/td>\n<\/tr>\n<tr>\n<td>Espessura<\/td>\n<td>8-15 mm<\/td>\n<\/tr>\n<tr>\n<td>Resist\u00eancia ao deslizamento<\/td>\n<td>R12 (alta resist\u00eancia ao deslizamento)<\/td>\n<\/tr>\n<tr>\n<td>Resist\u00eancia \u00e0 compress\u00e3o<\/td>\n<td>\u2265 40 MPa<\/td>\n<\/tr>\n<tr>\n<td>Resist\u00eancia \u00e0 abras\u00e3o<\/td>\n<td>Classe 4<\/td>\n<\/tr>\n<\/tbody>\n<\/table>","protected":false},"featured_media":11035,"comment_status":"open","ping_status":"closed","template":"","meta":{"_acf_changed":false},"product-sp-name":[],"product_brand":[],"product_cat":[167],"product_tag":[],"class_list":{"0":"post-10910","1":"product","2":"type-product","3":"status-publish","4":"has-post-thumbnail","6":"product_cat-tactile-paving-200x200mm","8":"first","9":"instock","10":"shipping-taxable","11":"product-type-simple"},"acf":[],"_links":{"self":[{"href":"https:\/\/design-ceramics.com\/pt\/wp-json\/wp\/v2\/product\/10910","targetHints":{"allow":["GET"]}}],"collection":[{"href":"https:\/\/design-ceramics.com\/pt\/wp-json\/wp\/v2\/product"}],"about":[{"href":"https:\/\/design-ceramics.com\/pt\/wp-json\/wp\/v2\/types\/product"}],"replies":[{"embeddable":true,"href":"https:\/\/design-ceramics.com\/pt\/wp-json\/wp\/v2\/comments?post=10910"}],"version-history":[{"count":5,"href":"https:\/\/design-ceramics.com\/pt\/wp-json\/wp\/v2\/product\/10910\/revisions"}],"predecessor-version":[{"id":11848,"href":"https:\/\/design-ceramics.com\/pt\/wp-json\/wp\/v2\/product\/10910\/revisions\/11848"}],"wp:featuredmedia":[{"embeddable":true,"href":"https:\/\/design-ceramics.com\/pt\/wp-json\/wp\/v2\/media\/11035"}],"wp:attachment":[{"href":"https:\/\/design-ceramics.com\/pt\/wp-json\/wp\/v2\/media?parent=10910"}],"wp:term":[{"taxonomy":"product-sp-name","embeddable":true,"href":"https:\/\/design-ceramics.com\/pt\/wp-json\/wp\/v2\/product-sp-name?post=10910"},{"taxonomy":"product_brand","embeddable":true,"href":"https:\/\/design-ceramics.com\/pt\/wp-json\/wp\/v2\/product_brand?post=10910"},{"taxonomy":"product_cat","embeddable":true,"href":"https:\/\/design-ceramics.com\/pt\/wp-json\/wp\/v2\/product_cat?post=10910"},{"taxonomy":"product_tag","embeddable":true,"href":"https:\/\/design-ceramics.com\/pt\/wp-json\/wp\/v2\/product_tag?post=10910"}],"curies":[{"name":"wp","href":"https:\/\/api.w.org\/{rel}","templated":true}]}}