{"id":10909,"date":"2024-11-17T01:07:35","date_gmt":"2024-11-17T01:07:35","guid":{"rendered":"https:\/\/design-ceramics.com\/product\/tactile-sidewalk\/"},"modified":"2025-02-14T15:18:59","modified_gmt":"2025-02-14T15:18:59","slug":"morera-tactile-sidewalk-ceramic-tiles","status":"publish","type":"product","link":"https:\/\/design-ceramics.com\/pt\/morera-tactile-sidewalk-ceramic-tiles\/","title":{"rendered":"Ladrilhos cer\u00e2micos de cal\u00e7ada t\u00e1til Morera (N0002)"},"content":{"rendered":"<p>Morera Tactile <b>cal\u00e7adas<\/b>\u00a0desempenham um papel fundamental para tornar as cidades mais seguras e acess\u00edveis. Esses\u00a0<b>superf\u00edcies<\/b>conhecido como Tactile Pavement Product, ajuda\u00a0<b>deficientes visuais<\/b>\u00a0As pessoas se movimentam com facilidade. Eles usam padr\u00f5es texturizados para dar uma sensa\u00e7\u00e3o de toque, ajudando os usu\u00e1rios a evitar perigos e a permanecer no caminho certo.\u00a0<b>cal\u00e7adas<\/b>\u00a0tornam as cidades melhores para todos. Elas ajudam a garantir que todas as pessoas possam se locomover com seguran\u00e7a e facilidade pelas \u00e1reas p\u00fablicas.<\/p>","protected":false},"excerpt":{"rendered":"<p>1. t\u00e1til <b class=\"\">cal\u00e7adas<\/b>\u00a0s\u00e3o feitos por diferentes tipos de produtos de pavimenta\u00e7\u00e3o t\u00e1til para aprimorar\u00a0<b class=\"\">seguran\u00e7a urbana.<br \/>\n<\/b><\/p>\n<p><b class=\"\">2.<\/b>Esses especialistas\u00a0<b>superf\u00edcies<\/b>\u00a0usar padr\u00f5es de solo texturizado para fornecer feedback sensorial para\u00a0<b>deficientes visuais<\/b>\u00a0pedestres, permitindo a navega\u00e7\u00e3o independente.<\/p>\n<p>3. as cal\u00e7adas t\u00e1teis servem como um assistente para ajudar as pessoas com defici\u00eancia, alertando-as sobre os perigos e orientando-as nos caminhos designados.<\/p>\n<p>4. a instala\u00e7\u00e3o e a manuten\u00e7\u00e3o adequadas de cal\u00e7adas t\u00e1teis podem aumentar a seguran\u00e7a p\u00fablica, o deslocamento independente e melhorar a <b>acessibilidade<\/b>\u00a0para popula\u00e7\u00f5es em processo de envelhecimento.<\/p>","protected":false},"featured_media":11039,"comment_status":"open","ping_status":"closed","template":"","meta":{"_acf_changed":false},"product-sp-name":[],"product_brand":[],"product_cat":[167],"product_tag":[],"class_list":{"0":"post-10909","1":"product","2":"type-product","3":"status-publish","4":"has-post-thumbnail","6":"product_cat-tactile-paving-200x200mm","8":"first","9":"instock","10":"shipping-taxable","11":"product-type-simple"},"acf":[],"_links":{"self":[{"href":"https:\/\/design-ceramics.com\/pt\/wp-json\/wp\/v2\/product\/10909","targetHints":{"allow":["GET"]}}],"collection":[{"href":"https:\/\/design-ceramics.com\/pt\/wp-json\/wp\/v2\/product"}],"about":[{"href":"https:\/\/design-ceramics.com\/pt\/wp-json\/wp\/v2\/types\/product"}],"replies":[{"embeddable":true,"href":"https:\/\/design-ceramics.com\/pt\/wp-json\/wp\/v2\/comments?post=10909"}],"version-history":[{"count":5,"href":"https:\/\/design-ceramics.com\/pt\/wp-json\/wp\/v2\/product\/10909\/revisions"}],"predecessor-version":[{"id":11849,"href":"https:\/\/design-ceramics.com\/pt\/wp-json\/wp\/v2\/product\/10909\/revisions\/11849"}],"wp:featuredmedia":[{"embeddable":true,"href":"https:\/\/design-ceramics.com\/pt\/wp-json\/wp\/v2\/media\/11039"}],"wp:attachment":[{"href":"https:\/\/design-ceramics.com\/pt\/wp-json\/wp\/v2\/media?parent=10909"}],"wp:term":[{"taxonomy":"product-sp-name","embeddable":true,"href":"https:\/\/design-ceramics.com\/pt\/wp-json\/wp\/v2\/product-sp-name?post=10909"},{"taxonomy":"product_brand","embeddable":true,"href":"https:\/\/design-ceramics.com\/pt\/wp-json\/wp\/v2\/product_brand?post=10909"},{"taxonomy":"product_cat","embeddable":true,"href":"https:\/\/design-ceramics.com\/pt\/wp-json\/wp\/v2\/product_cat?post=10909"},{"taxonomy":"product_tag","embeddable":true,"href":"https:\/\/design-ceramics.com\/pt\/wp-json\/wp\/v2\/product_tag?post=10909"}],"curies":[{"name":"wp","href":"https:\/\/api.w.org\/{rel}","templated":true}]}}