{"id":10908,"date":"2024-11-17T01:07:35","date_gmt":"2024-11-17T01:07:35","guid":{"rendered":"https:\/\/design-ceramics.com\/product\/tactiles-for-blind\/"},"modified":"2025-02-14T15:19:13","modified_gmt":"2025-02-14T15:19:13","slug":"morera-ceramic-tactiles-for-blind","status":"publish","type":"product","link":"https:\/\/design-ceramics.com\/pt\/morera-ceramic-tactiles-for-blind\/","title":{"rendered":"Tachinhas de cer\u00e2mica Morera para persianas(N0003\uff09"},"content":{"rendered":"<p>O Morera Ceramic Tactiles For Blind oferece orienta\u00e7\u00e3o e dicas de seguran\u00e7a para pessoas com cegueira ou baixa vis\u00e3o. Essa inova\u00e7\u00e3o est\u00e1 tornando as cidades melhores para a comunidade cega. Ela permite que eles explorem o mundo com confian\u00e7a.<\/p>\n<p>&nbsp;<\/p>","protected":false},"excerpt":{"rendered":"<p>1. h\u00e1 tr\u00eas principais <b>tipos<\/b>\u00a0de\u00a0<b>pavimenta\u00e7\u00e3o t\u00e1til<\/b>\u00a0padr\u00f5es: aten\u00e7\u00e3o, orienta\u00e7\u00e3o e losango, cada um servindo a um prop\u00f3sito espec\u00edfico para a\u00a0<b>deficientes visuais<\/b>.<\/p>\n<p>2. t\u00e1til <b>telhas<\/b>\u00a0s\u00e3o cruciais para o deslocamento seguro e independente de pessoas com\u00a0<b>cegueira<\/b>\u00a0ou baixa\u00a0<b>vis\u00e3o<\/b>O sistema de controle de acesso, que fornece orienta\u00e7\u00f5es essenciais e dicas de orienta\u00e7\u00e3o.<\/p>\n<p>3. t\u00e1til\u00a0<b>telhas<\/b>\u00a0apresentam padr\u00f5es em relevo que comunicam informa\u00e7\u00f5es de seguran\u00e7a, como a presen\u00e7a de meios-fios, cruzamentos e perigos.<\/p>","protected":false},"featured_media":11047,"comment_status":"open","ping_status":"closed","template":"","meta":{"_acf_changed":false},"product-sp-name":[],"product_brand":[],"product_cat":[167],"product_tag":[],"class_list":{"0":"post-10908","1":"product","2":"type-product","3":"status-publish","4":"has-post-thumbnail","6":"product_cat-tactile-paving-200x200mm","8":"first","9":"instock","10":"shipping-taxable","11":"product-type-simple"},"acf":[],"_links":{"self":[{"href":"https:\/\/design-ceramics.com\/pt\/wp-json\/wp\/v2\/product\/10908","targetHints":{"allow":["GET"]}}],"collection":[{"href":"https:\/\/design-ceramics.com\/pt\/wp-json\/wp\/v2\/product"}],"about":[{"href":"https:\/\/design-ceramics.com\/pt\/wp-json\/wp\/v2\/types\/product"}],"replies":[{"embeddable":true,"href":"https:\/\/design-ceramics.com\/pt\/wp-json\/wp\/v2\/comments?post=10908"}],"version-history":[{"count":5,"href":"https:\/\/design-ceramics.com\/pt\/wp-json\/wp\/v2\/product\/10908\/revisions"}],"predecessor-version":[{"id":11850,"href":"https:\/\/design-ceramics.com\/pt\/wp-json\/wp\/v2\/product\/10908\/revisions\/11850"}],"wp:featuredmedia":[{"embeddable":true,"href":"https:\/\/design-ceramics.com\/pt\/wp-json\/wp\/v2\/media\/11047"}],"wp:attachment":[{"href":"https:\/\/design-ceramics.com\/pt\/wp-json\/wp\/v2\/media?parent=10908"}],"wp:term":[{"taxonomy":"product-sp-name","embeddable":true,"href":"https:\/\/design-ceramics.com\/pt\/wp-json\/wp\/v2\/product-sp-name?post=10908"},{"taxonomy":"product_brand","embeddable":true,"href":"https:\/\/design-ceramics.com\/pt\/wp-json\/wp\/v2\/product_brand?post=10908"},{"taxonomy":"product_cat","embeddable":true,"href":"https:\/\/design-ceramics.com\/pt\/wp-json\/wp\/v2\/product_cat?post=10908"},{"taxonomy":"product_tag","embeddable":true,"href":"https:\/\/design-ceramics.com\/pt\/wp-json\/wp\/v2\/product_tag?post=10908"}],"curies":[{"name":"wp","href":"https:\/\/api.w.org\/{rel}","templated":true}]}}