{"id":10907,"date":"2024-11-17T01:07:35","date_gmt":"2024-11-17T01:07:35","guid":{"rendered":"https:\/\/design-ceramics.com\/product\/blind-people-tiles\/"},"modified":"2025-02-14T15:21:04","modified_gmt":"2025-02-14T15:21:04","slug":"blind-people-tiles","status":"publish","type":"product","link":"https:\/\/design-ceramics.com\/pt\/blind-people-tiles\/","title":{"rendered":"Ladrilhos de cer\u00e2mica para pessoas cegas Morera (P001)"},"content":{"rendered":"<p>Os ladrilhos t\u00e1teis s\u00e3o essenciais para tornar os locais seguros e acess\u00edveis para cegos e deficientes visuais. Eles oferecem dicas n\u00e3o visuais para ajudar os usu\u00e1rios a se movimentarem em \u00e1reas p\u00fablicas. Isso aumenta sua independ\u00eancia e mobilidade.<\/p>\n<p>A pavimenta\u00e7\u00e3o t\u00e1til tem dois tipos principais: padr\u00f5es de alerta e de orienta\u00e7\u00e3o. As placas de advert\u00eancia t\u00eam pontos ou c\u00fapulas detect\u00e1veis. As placas de orienta\u00e7\u00e3o t\u00eam barras em relevo que mostram a dire\u00e7\u00e3o do deslocamento. Esses ladrilhos s\u00e3o essenciais para se deslocar em grandes espa\u00e7os abertos, aproximar-se de mudan\u00e7as de n\u00edvel e encontrar informa\u00e7\u00f5es de seguran\u00e7a importantes.<\/p>","protected":false},"excerpt":{"rendered":"<p><b>Ladrilhos t\u00e1teis<\/b> s\u00e3o feitos de materiais como cer\u00e2mica, concreto, borracha ou pl\u00e1stico. Eles v\u00eam em tamanhos de 200 mm a 400 mm. Adicionando tato <b>pavimenta\u00e7\u00e3o<\/b>\u00a0A seguran\u00e7a dos edif\u00edcios \u00e9 essencial para o acesso igualit\u00e1rio, conforme exige a Conven\u00e7\u00e3o sobre os Direitos das Pessoas com Defici\u00eancia.<\/p>","protected":false},"featured_media":11072,"comment_status":"open","ping_status":"closed","template":"","meta":{"_acf_changed":false},"product-sp-name":[],"product_brand":[],"product_cat":[167],"product_tag":[],"class_list":{"0":"post-10907","1":"product","2":"type-product","3":"status-publish","4":"has-post-thumbnail","6":"product_cat-tactile-paving-200x200mm","8":"first","9":"instock","10":"shipping-taxable","11":"product-type-simple"},"acf":[],"_links":{"self":[{"href":"https:\/\/design-ceramics.com\/pt\/wp-json\/wp\/v2\/product\/10907","targetHints":{"allow":["GET"]}}],"collection":[{"href":"https:\/\/design-ceramics.com\/pt\/wp-json\/wp\/v2\/product"}],"about":[{"href":"https:\/\/design-ceramics.com\/pt\/wp-json\/wp\/v2\/types\/product"}],"replies":[{"embeddable":true,"href":"https:\/\/design-ceramics.com\/pt\/wp-json\/wp\/v2\/comments?post=10907"}],"version-history":[{"count":5,"href":"https:\/\/design-ceramics.com\/pt\/wp-json\/wp\/v2\/product\/10907\/revisions"}],"predecessor-version":[{"id":11852,"href":"https:\/\/design-ceramics.com\/pt\/wp-json\/wp\/v2\/product\/10907\/revisions\/11852"}],"wp:featuredmedia":[{"embeddable":true,"href":"https:\/\/design-ceramics.com\/pt\/wp-json\/wp\/v2\/media\/11072"}],"wp:attachment":[{"href":"https:\/\/design-ceramics.com\/pt\/wp-json\/wp\/v2\/media?parent=10907"}],"wp:term":[{"taxonomy":"product-sp-name","embeddable":true,"href":"https:\/\/design-ceramics.com\/pt\/wp-json\/wp\/v2\/product-sp-name?post=10907"},{"taxonomy":"product_brand","embeddable":true,"href":"https:\/\/design-ceramics.com\/pt\/wp-json\/wp\/v2\/product_brand?post=10907"},{"taxonomy":"product_cat","embeddable":true,"href":"https:\/\/design-ceramics.com\/pt\/wp-json\/wp\/v2\/product_cat?post=10907"},{"taxonomy":"product_tag","embeddable":true,"href":"https:\/\/design-ceramics.com\/pt\/wp-json\/wp\/v2\/product_tag?post=10907"}],"curies":[{"name":"wp","href":"https:\/\/api.w.org\/{rel}","templated":true}]}}