{"id":10906,"date":"2024-11-17T01:07:35","date_gmt":"2024-11-17T01:07:35","guid":{"rendered":"https:\/\/design-ceramics.com\/product\/blind-floor-tiles\/"},"modified":"2025-02-14T15:21:15","modified_gmt":"2025-02-14T15:21:15","slug":"ceramic-blind-floor-tiles","status":"publish","type":"product","link":"https:\/\/design-ceramics.com\/pt\/ceramic-blind-floor-tiles\/","title":{"rendered":"Ladrilhos cer\u00e2micos cegos para piso (P002)"},"content":{"rendered":"<p>Navegar em espa\u00e7os p\u00fablicos pode ser dif\u00edcil para os deficientes visuais. Mas os pisos t\u00e1teis oferecem uma solu\u00e7\u00e3o importante. Esses ladrilhos, tamb\u00e9m conhecidos como solu\u00e7\u00f5es de advert\u00eancia t\u00e1til, fornecem dicas vitais de textura. Este guia explora o design, os tipos e a instala\u00e7\u00e3o desses ladrilhos. Ele mostra como eles s\u00e3o importantes para tornar os espa\u00e7os mais acess\u00edveis. Ele ajuda as empresas a criar locais acolhedores para todos.<\/p>","protected":false},"excerpt":{"rendered":"<p>O principal objetivo dos pisos cegos \u00e9 alertar as pessoas com defici\u00eancia visual sobre perigos ou mudan\u00e7as no caminho. Isso inclui escadas, bordas ou cruzamentos. Esses ladrilhos ajudam as pessoas com defici\u00eancia visual a se locomoverem com seguran\u00e7a e independ\u00eancia em locais p\u00fablicos.<\/p>","protected":false},"featured_media":11075,"comment_status":"open","ping_status":"closed","template":"","meta":{"_acf_changed":false},"product-sp-name":[],"product_brand":[],"product_cat":[167],"product_tag":[],"class_list":{"0":"post-10906","1":"product","2":"type-product","3":"status-publish","4":"has-post-thumbnail","6":"product_cat-tactile-paving-200x200mm","8":"first","9":"instock","10":"shipping-taxable","11":"product-type-simple"},"acf":[],"_links":{"self":[{"href":"https:\/\/design-ceramics.com\/pt\/wp-json\/wp\/v2\/product\/10906","targetHints":{"allow":["GET"]}}],"collection":[{"href":"https:\/\/design-ceramics.com\/pt\/wp-json\/wp\/v2\/product"}],"about":[{"href":"https:\/\/design-ceramics.com\/pt\/wp-json\/wp\/v2\/types\/product"}],"replies":[{"embeddable":true,"href":"https:\/\/design-ceramics.com\/pt\/wp-json\/wp\/v2\/comments?post=10906"}],"version-history":[{"count":4,"href":"https:\/\/design-ceramics.com\/pt\/wp-json\/wp\/v2\/product\/10906\/revisions"}],"predecessor-version":[{"id":11853,"href":"https:\/\/design-ceramics.com\/pt\/wp-json\/wp\/v2\/product\/10906\/revisions\/11853"}],"wp:featuredmedia":[{"embeddable":true,"href":"https:\/\/design-ceramics.com\/pt\/wp-json\/wp\/v2\/media\/11075"}],"wp:attachment":[{"href":"https:\/\/design-ceramics.com\/pt\/wp-json\/wp\/v2\/media?parent=10906"}],"wp:term":[{"taxonomy":"product-sp-name","embeddable":true,"href":"https:\/\/design-ceramics.com\/pt\/wp-json\/wp\/v2\/product-sp-name?post=10906"},{"taxonomy":"product_brand","embeddable":true,"href":"https:\/\/design-ceramics.com\/pt\/wp-json\/wp\/v2\/product_brand?post=10906"},{"taxonomy":"product_cat","embeddable":true,"href":"https:\/\/design-ceramics.com\/pt\/wp-json\/wp\/v2\/product_cat?post=10906"},{"taxonomy":"product_tag","embeddable":true,"href":"https:\/\/design-ceramics.com\/pt\/wp-json\/wp\/v2\/product_tag?post=10906"}],"curies":[{"name":"wp","href":"https:\/\/api.w.org\/{rel}","templated":true}]}}