{"id":10905,"date":"2024-11-17T01:07:35","date_gmt":"2024-11-17T01:07:35","guid":{"rendered":"https:\/\/design-ceramics.com\/product\/tactiles\/"},"modified":"2025-08-30T01:27:15","modified_gmt":"2025-08-30T01:27:15","slug":"morera-tactiles-pavement","status":"publish","type":"product","link":"https:\/\/design-ceramics.com\/pt\/morera-tactiles-pavement\/","title":{"rendered":"Morera tactiles Pavement(P003)"},"content":{"rendered":"<p>O pavimento t\u00e1til torna os locais mais acolhedores para os deficientes visuais. Eles agora podem se locomover com seguran\u00e7a por conta pr\u00f3pria. A Lei dos Americanos com Defici\u00eancia (ADA) estabelece regras para essas superf\u00edcies, que devem ter um contraste de cores 70% para ajudar os deficientes visuais. As pavimenta\u00e7\u00f5es t\u00e1teis em relevo alertam sobre os cruzamentos, reduzindo os riscos de acidentes.<\/p>","protected":false},"excerpt":{"rendered":"<p>O pavimento t\u00e1til torna os locais mais acolhedores para os deficientes visuais. Eles agora podem se locomover com seguran\u00e7a por conta pr\u00f3pria. A Lei dos Americanos com Defici\u00eancia (ADA) estabelece regras para essas superf\u00edcies, que devem ter um contraste de cores 70% para ajudar os deficientes visuais. As pavimenta\u00e7\u00f5es t\u00e1teis em relevo alertam sobre os cruzamentos, reduzindo os riscos de acidentes.<\/p>","protected":false},"featured_media":11083,"comment_status":"open","ping_status":"closed","template":"","meta":{"_acf_changed":false},"product-sp-name":[],"product_brand":[],"product_cat":[167],"product_tag":[],"class_list":{"0":"post-10905","1":"product","2":"type-product","3":"status-publish","4":"has-post-thumbnail","6":"product_cat-tactile-paving-200x200mm","8":"first","9":"instock","10":"shipping-taxable","11":"product-type-simple"},"acf":[],"_links":{"self":[{"href":"https:\/\/design-ceramics.com\/pt\/wp-json\/wp\/v2\/product\/10905","targetHints":{"allow":["GET"]}}],"collection":[{"href":"https:\/\/design-ceramics.com\/pt\/wp-json\/wp\/v2\/product"}],"about":[{"href":"https:\/\/design-ceramics.com\/pt\/wp-json\/wp\/v2\/types\/product"}],"replies":[{"embeddable":true,"href":"https:\/\/design-ceramics.com\/pt\/wp-json\/wp\/v2\/comments?post=10905"}],"version-history":[{"count":5,"href":"https:\/\/design-ceramics.com\/pt\/wp-json\/wp\/v2\/product\/10905\/revisions"}],"predecessor-version":[{"id":11854,"href":"https:\/\/design-ceramics.com\/pt\/wp-json\/wp\/v2\/product\/10905\/revisions\/11854"}],"wp:featuredmedia":[{"embeddable":true,"href":"https:\/\/design-ceramics.com\/pt\/wp-json\/wp\/v2\/media\/11083"}],"wp:attachment":[{"href":"https:\/\/design-ceramics.com\/pt\/wp-json\/wp\/v2\/media?parent=10905"}],"wp:term":[{"taxonomy":"product-sp-name","embeddable":true,"href":"https:\/\/design-ceramics.com\/pt\/wp-json\/wp\/v2\/product-sp-name?post=10905"},{"taxonomy":"product_brand","embeddable":true,"href":"https:\/\/design-ceramics.com\/pt\/wp-json\/wp\/v2\/product_brand?post=10905"},{"taxonomy":"product_cat","embeddable":true,"href":"https:\/\/design-ceramics.com\/pt\/wp-json\/wp\/v2\/product_cat?post=10905"},{"taxonomy":"product_tag","embeddable":true,"href":"https:\/\/design-ceramics.com\/pt\/wp-json\/wp\/v2\/product_tag?post=10905"}],"curies":[{"name":"wp","href":"https:\/\/api.w.org\/{rel}","templated":true}]}}