{"id":10904,"date":"2024-11-17T01:07:35","date_gmt":"2024-11-17T01:07:35","guid":{"rendered":"https:\/\/design-ceramics.com\/product\/tack-tiles\/"},"modified":"2025-02-14T15:21:35","modified_gmt":"2025-02-14T15:21:35","slug":"morera-ceramic-tack-tiles","status":"publish","type":"product","link":"https:\/\/design-ceramics.com\/pt\/morera-ceramic-tack-tiles\/","title":{"rendered":"Ladrilhos de cer\u00e2mica Morera (P004)"},"content":{"rendered":"<p>As \u00e1reas de tr\u00e1fego intenso precisam ser seguras e f\u00e1ceis de navegar. Cer\u00e2mica\u00a0<b>telhas de ader\u00eancia<\/b>\u00a0est\u00e3o aqui para ajudar. Eles oferecem uma ader\u00eancia especial e ajudam a orientar as pessoas, especialmente aquelas que n\u00e3o enxergam bem. Esses ladrilhos t\u00eam padr\u00f5es em relevo que tornam os locais mais acess\u00edveis e tamb\u00e9m t\u00eam melhor apar\u00eancia.<\/p>","protected":false},"excerpt":{"rendered":"<ol>\n<li>Aprimorado\u00a0<b>seguran\u00e7a<\/b>\u00a0e\u00a0<b>acessibilidade<\/b>\u00a0para pessoas com defici\u00eancia visual em espa\u00e7os p\u00fablicos<\/li>\n<li>Conformidade com os padr\u00f5es e regulamentos de acessibilidade<\/li>\n<li>Maior independ\u00eancia e confian\u00e7a para usu\u00e1rios com defici\u00eancia visual<\/li>\n<li>Orienta\u00e7\u00e3o e wayfinding eficazes para a navega\u00e7\u00e3o\u00a0<b>\u00e1reas de tr\u00e1fego intenso<\/b><\/li>\n<\/ol>","protected":false},"featured_media":11085,"comment_status":"open","ping_status":"closed","template":"","meta":{"_acf_changed":false},"product-sp-name":[],"product_brand":[],"product_cat":[167],"product_tag":[],"class_list":{"0":"post-10904","1":"product","2":"type-product","3":"status-publish","4":"has-post-thumbnail","6":"product_cat-tactile-paving-200x200mm","8":"first","9":"instock","10":"shipping-taxable","11":"product-type-simple"},"acf":[],"_links":{"self":[{"href":"https:\/\/design-ceramics.com\/pt\/wp-json\/wp\/v2\/product\/10904","targetHints":{"allow":["GET"]}}],"collection":[{"href":"https:\/\/design-ceramics.com\/pt\/wp-json\/wp\/v2\/product"}],"about":[{"href":"https:\/\/design-ceramics.com\/pt\/wp-json\/wp\/v2\/types\/product"}],"replies":[{"embeddable":true,"href":"https:\/\/design-ceramics.com\/pt\/wp-json\/wp\/v2\/comments?post=10904"}],"version-history":[{"count":4,"href":"https:\/\/design-ceramics.com\/pt\/wp-json\/wp\/v2\/product\/10904\/revisions"}],"predecessor-version":[{"id":11855,"href":"https:\/\/design-ceramics.com\/pt\/wp-json\/wp\/v2\/product\/10904\/revisions\/11855"}],"wp:featuredmedia":[{"embeddable":true,"href":"https:\/\/design-ceramics.com\/pt\/wp-json\/wp\/v2\/media\/11085"}],"wp:attachment":[{"href":"https:\/\/design-ceramics.com\/pt\/wp-json\/wp\/v2\/media?parent=10904"}],"wp:term":[{"taxonomy":"product-sp-name","embeddable":true,"href":"https:\/\/design-ceramics.com\/pt\/wp-json\/wp\/v2\/product-sp-name?post=10904"},{"taxonomy":"product_brand","embeddable":true,"href":"https:\/\/design-ceramics.com\/pt\/wp-json\/wp\/v2\/product_brand?post=10904"},{"taxonomy":"product_cat","embeddable":true,"href":"https:\/\/design-ceramics.com\/pt\/wp-json\/wp\/v2\/product_cat?post=10904"},{"taxonomy":"product_tag","embeddable":true,"href":"https:\/\/design-ceramics.com\/pt\/wp-json\/wp\/v2\/product_tag?post=10904"}],"curies":[{"name":"wp","href":"https:\/\/api.w.org\/{rel}","templated":true}]}}