{"id":9461,"date":"2024-08-27T03:47:41","date_gmt":"2024-08-27T03:47:41","guid":{"rendered":"https:\/\/design-ceramics.com\/?page_id=9461"},"modified":"2024-08-27T04:01:49","modified_gmt":"2024-08-27T04:01:49","slug":"thank-you","status":"publish","type":"page","link":"https:\/\/design-ceramics.com\/pt\/thank-you\/","title":{"rendered":"Obrigado, senhor"},"content":{"rendered":"<div data-elementor-type=\"wp-page\" data-elementor-id=\"9461\" class=\"elementor elementor-9461\" data-elementor-post-type=\"page\">\n\t\t\t\t<div class=\"elementor-element elementor-element-0d8724f e-con-full e-flex e-con e-parent\" data-id=\"0d8724f\" data-element_type=\"container\">\n\t\t\t\t<div class=\"elementor-element elementor-element-e6f063e elementor-widget elementor-widget-spacer\" data-id=\"e6f063e\" data-element_type=\"widget\" data-widget_type=\"spacer.default\">\n\t\t\t\t<div class=\"elementor-widget-container\">\n\t\t\t\t\t\t\t<div class=\"elementor-spacer\">\n\t\t\t<div class=\"elementor-spacer-inner\"><\/div>\n\t\t<\/div>\n\t\t\t\t\t\t<\/div>\n\t\t\t\t<\/div>\n\t\t\t\t<\/div>\n\t\t<div class=\"elementor-element elementor-element-62b6bf7 e-con-full e-flex e-con e-parent\" data-id=\"62b6bf7\" data-element_type=\"container\">\n\t\t\t\t<div class=\"elementor-element elementor-element-623f3a5 elementor-widget elementor-widget-heading\" data-id=\"623f3a5\" data-element_type=\"widget\" data-widget_type=\"heading.default\">\n\t\t\t\t<div class=\"elementor-widget-container\">\n\t\t\t\t\t<h1 class=\"elementor-heading-title elementor-size-default\">Obrigado por entrar em contato conosco <\/h1>\t\t\t\t<\/div>\n\t\t\t\t<\/div>\n\t\t\t\t<\/div>\n\t\t<div class=\"elementor-element elementor-element-0061e3c e-con-full e-flex e-con e-parent\" data-id=\"0061e3c\" data-element_type=\"container\">\n\t\t\t\t<div class=\"elementor-element elementor-element-399a896 elementor-widget elementor-widget-text-editor\" data-id=\"399a896\" data-element_type=\"widget\" data-widget_type=\"text-editor.default\">\n\t\t\t\t<div class=\"elementor-widget-container\">\n\t\t\t\t\t\t\t\t\t<p>Agradecemos por entrar em contato conosco e manifestar interesse em nossos servi\u00e7os. Sua consulta \u00e9 importante para n\u00f3s e queremos assegurar-lhe que estamos empenhados em fornecer-lhe as informa\u00e7\u00f5es e a assist\u00eancia de que precisa. Nossa equipe est\u00e1 trabalhando diligentemente para responder \u00e0 sua mensagem e entraremos em contato com voc\u00ea em breve. Obrigado por entrar em contato conosco; esperamos ter a oportunidade de atend\u00ea-lo e superar suas expectativas.<\/p>\t\t\t\t\t\t\t\t<\/div>\n\t\t\t\t<\/div>\n\t\t\t\t<\/div>\n\t\t<div class=\"elementor-element elementor-element-d117ad0 e-grid e-con-boxed e-con e-parent\" data-id=\"d117ad0\" data-element_type=\"container\">\n\t\t\t\t\t<div class=\"e-con-inner\">\n\t\t\t\t<div class=\"elementor-element elementor-element-96247ed elementor-widget elementor-widget-image\" data-id=\"96247ed\" data-element_type=\"widget\" data-widget_type=\"image.default\">\n\t\t\t\t<div class=\"elementor-widget-container\">\n\t\t\t\t\t\t\t\t\t\t\t\t\t\t\t<img fetchpriority=\"high\" decoding=\"async\" width=\"525\" height=\"525\" src=\"https:\/\/design-ceramics.com\/wp-content\/uploads\/2024\/08\/building-roof-1024x1024.jpg\" class=\"attachment-large size-large wp-image-9287\" alt=\"Telhas frias para telhados\" srcset=\"https:\/\/design-ceramics.com\/wp-content\/uploads\/2024\/08\/building-roof-1024x1024.jpg 1024w, https:\/\/design-ceramics.com\/wp-content\/uploads\/2024\/08\/building-roof-300x300.jpg 300w, https:\/\/design-ceramics.com\/wp-content\/uploads\/2024\/08\/building-roof-150x150.jpg 150w, https:\/\/design-ceramics.com\/wp-content\/uploads\/2024\/08\/building-roof-768x768.jpg 768w, https:\/\/design-ceramics.com\/wp-content\/uploads\/2024\/08\/building-roof-600x600.jpg 600w, https:\/\/design-ceramics.com\/wp-content\/uploads\/2024\/08\/building-roof-100x100.jpg 100w, https:\/\/design-ceramics.com\/wp-content\/uploads\/2024\/08\/building-roof.jpg 1500w\" sizes=\"(max-width: 525px) 100vw, 525px\" \/>\t\t\t\t\t\t\t\t\t\t\t\t\t\t\t<\/div>\n\t\t\t\t<\/div>\n\t\t\t\t<div class=\"elementor-element elementor-element-02f0309 elementor-widget elementor-widget-image\" data-id=\"02f0309\" data-element_type=\"widget\" data-widget_type=\"image.default\">\n\t\t\t\t<div class=\"elementor-widget-container\">\n\t\t\t\t\t\t\t\t\t\t\t\t\t\t\t<img decoding=\"async\" width=\"525\" height=\"525\" src=\"https:\/\/design-ceramics.com\/wp-content\/uploads\/2024\/08\/1-1-1024x1024.jpg\" class=\"attachment-large size-large wp-image-9316\" alt=\"ladrilhos de rampa\" srcset=\"https:\/\/design-ceramics.com\/wp-content\/uploads\/2024\/08\/1-1-1024x1024.jpg 1024w, https:\/\/design-ceramics.com\/wp-content\/uploads\/2024\/08\/1-1-300x300.jpg 300w, https:\/\/design-ceramics.com\/wp-content\/uploads\/2024\/08\/1-1-150x150.jpg 150w, https:\/\/design-ceramics.com\/wp-content\/uploads\/2024\/08\/1-1-768x768.jpg 768w, https:\/\/design-ceramics.com\/wp-content\/uploads\/2024\/08\/1-1-600x600.jpg 600w, https:\/\/design-ceramics.com\/wp-content\/uploads\/2024\/08\/1-1-100x100.jpg 100w, https:\/\/design-ceramics.com\/wp-content\/uploads\/2024\/08\/1-1.jpg 1500w\" sizes=\"(max-width: 525px) 100vw, 525px\" \/>\t\t\t\t\t\t\t\t\t\t\t\t\t\t\t<\/div>\n\t\t\t\t<\/div>\n\t\t\t\t<div class=\"elementor-element elementor-element-8c6bb39 elementor-widget elementor-widget-image\" data-id=\"8c6bb39\" data-element_type=\"widget\" data-widget_type=\"image.default\">\n\t\t\t\t<div class=\"elementor-widget-container\">\n\t\t\t\t\t\t\t\t\t\t\t\t\t\t\t<img decoding=\"async\" width=\"525\" height=\"525\" src=\"https:\/\/design-ceramics.com\/wp-content\/uploads\/2024\/08\/factory-1024x1024.jpg\" class=\"attachment-large size-large wp-image-9156\" alt=\"Ladrilhos para servi\u00e7os pesados Morera\" srcset=\"https:\/\/design-ceramics.com\/wp-content\/uploads\/2024\/08\/factory-1024x1024.jpg 1024w, https:\/\/design-ceramics.com\/wp-content\/uploads\/2024\/08\/factory-300x300.jpg 300w, https:\/\/design-ceramics.com\/wp-content\/uploads\/2024\/08\/factory-150x150.jpg 150w, https:\/\/design-ceramics.com\/wp-content\/uploads\/2024\/08\/factory-768x768.jpg 768w, https:\/\/design-ceramics.com\/wp-content\/uploads\/2024\/08\/factory-600x600.jpg 600w, https:\/\/design-ceramics.com\/wp-content\/uploads\/2024\/08\/factory-100x100.jpg 100w, https:\/\/design-ceramics.com\/wp-content\/uploads\/2024\/08\/elementor\/thumbs\/factory-150x150.jpg 2000w, https:\/\/design-ceramics.com\/wp-content\/uploads\/2024\/08\/elementor\/thumbs\/factory-qsyqvrygi7lzl835e6xgywgdvqhrsvs3g92fmzsctc.jpg 1200w, https:\/\/design-ceramics.com\/wp-content\/uploads\/2024\/08\/elementor\/thumbs\/factory-qsyqvryfactjz7xeza2autm0uea554kdkgh9hlb4s8.jpg 1100w, https:\/\/design-ceramics.com\/wp-content\/uploads\/2024\/08\/factory.jpg 1500w\" sizes=\"(max-width: 525px) 100vw, 525px\" \/>\t\t\t\t\t\t\t\t\t\t\t\t\t\t\t<\/div>\n\t\t\t\t<\/div>\n\t\t\t\t<div class=\"elementor-element elementor-element-bf21fde elementor-widget elementor-widget-image\" data-id=\"bf21fde\" data-element_type=\"widget\" data-widget_type=\"image.default\">\n\t\t\t\t<div class=\"elementor-widget-container\">\n\t\t\t\t\t\t\t\t\t\t\t\t\t\t\t<img loading=\"lazy\" decoding=\"async\" width=\"525\" height=\"525\" src=\"https:\/\/design-ceramics.com\/wp-content\/uploads\/2024\/06\/1-4-768x768.png\" class=\"attachment-medium_large size-medium_large wp-image-8895\" alt=\"pavimenta\u00e7\u00e3o t\u00e1til para piso cego\" srcset=\"https:\/\/design-ceramics.com\/wp-content\/uploads\/2024\/06\/1-4-768x768.png 768w, https:\/\/design-ceramics.com\/wp-content\/uploads\/2024\/06\/1-4-300x300.png 300w, https:\/\/design-ceramics.com\/wp-content\/uploads\/2024\/06\/1-4-1024x1024.png 1024w, https:\/\/design-ceramics.com\/wp-content\/uploads\/2024\/06\/1-4-150x150.png 150w, https:\/\/design-ceramics.com\/wp-content\/uploads\/2024\/06\/1-4-600x600.png 600w, https:\/\/design-ceramics.com\/wp-content\/uploads\/2024\/06\/1-4-100x100.png 100w, https:\/\/design-ceramics.com\/wp-content\/uploads\/2024\/06\/1-4.png 1080w\" sizes=\"(max-width: 525px) 100vw, 525px\" \/>\t\t\t\t\t\t\t\t\t\t\t\t\t\t\t<\/div>\n\t\t\t\t<\/div>\n\t\t\t\t\t<\/div>\n\t\t\t\t<\/div>\n\t\t\t\t<\/div>","protected":false},"excerpt":{"rendered":"<p>Thank you for contact us We appreciate you reaching out to us and expressing interest in our services. Your inquiry is important to us, and we want to assure you that we are dedicated to providing you with the information and assistance you need. Our team is diligently working on addressing your message, and we [&hellip;]<\/p>","protected":false},"author":1,"featured_media":0,"parent":0,"menu_order":0,"comment_status":"closed","ping_status":"closed","template":"","meta":{"_acf_changed":false,"footnotes":""},"class_list":["post-9461","page","type-page","status-publish","hentry"],"acf":[],"_links":{"self":[{"href":"https:\/\/design-ceramics.com\/pt\/wp-json\/wp\/v2\/pages\/9461","targetHints":{"allow":["GET"]}}],"collection":[{"href":"https:\/\/design-ceramics.com\/pt\/wp-json\/wp\/v2\/pages"}],"about":[{"href":"https:\/\/design-ceramics.com\/pt\/wp-json\/wp\/v2\/types\/page"}],"author":[{"embeddable":true,"href":"https:\/\/design-ceramics.com\/pt\/wp-json\/wp\/v2\/users\/1"}],"replies":[{"embeddable":true,"href":"https:\/\/design-ceramics.com\/pt\/wp-json\/wp\/v2\/comments?post=9461"}],"version-history":[{"count":5,"href":"https:\/\/design-ceramics.com\/pt\/wp-json\/wp\/v2\/pages\/9461\/revisions"}],"predecessor-version":[{"id":9469,"href":"https:\/\/design-ceramics.com\/pt\/wp-json\/wp\/v2\/pages\/9461\/revisions\/9469"}],"wp:attachment":[{"href":"https:\/\/design-ceramics.com\/pt\/wp-json\/wp\/v2\/media?parent=9461"}],"curies":[{"name":"wp","href":"https:\/\/api.w.org\/{rel}","templated":true}]}}